{"id":2,"date":"2023-04-18T14:12:52","date_gmt":"2023-04-18T14:12:52","guid":{"rendered":"https:\/\/falartwalls.ubi.pt\/home\/falartwalls\/public_html\/wordpress\/?page_id=2"},"modified":"2023-05-04T13:53:50","modified_gmt":"2023-05-04T13:53:50","slug":"sample-page","status":"publish","type":"page","link":"https:\/\/falartwalls.ubi.pt\/","title":{"rendered":"Sample Page"},"content":{"rendered":"\t\t<div data-elementor-type=\"wp-page\" data-elementor-id=\"2\" class=\"elementor elementor-2\" data-elementor-post-type=\"page\">\n\t\t\t\t\t\t<section class=\"elementor-section elementor-top-section elementor-element elementor-element-7c789970 elementor-section-height-min-height elementor-section-items-stretch elementor-section-content-middle elementor-section-boxed elementor-section-height-default\" data-id=\"7c789970\" data-element_type=\"section\" data-e-type=\"section\" data-settings=\"{&quot;background_background&quot;:&quot;classic&quot;}\">\n\t\t\t\t\t\t<div class=\"elementor-container elementor-column-gap-no\">\n\t\t\t\t\t<div class=\"elementor-column elementor-col-100 elementor-top-column elementor-element elementor-element-57f90409\" data-id=\"57f90409\" data-element_type=\"column\" data-e-type=\"column\">\n\t\t\t<div class=\"elementor-widget-wrap elementor-element-populated\">\n\t\t\t\t\t\t<div class=\"elementor-element elementor-element-b5aa3df elementor-widget elementor-widget-image\" data-id=\"b5aa3df\" data-element_type=\"widget\" data-e-type=\"widget\" data-widget_type=\"image.default\">\n\t\t\t\t<div class=\"elementor-widget-container\">\n\t\t\t\t\t\t\t\t\t\t\t\t\t\t\t<img fetchpriority=\"high\" decoding=\"async\" width=\"625\" height=\"243\" src=\"https:\/\/falartwalls.ubi.pt\/wp-content\/uploads\/2023\/05\/logotipo.png\" class=\"attachment-full size-full wp-image-22\" alt=\"\" srcset=\"https:\/\/falartwalls.ubi.pt\/wp-content\/uploads\/2023\/05\/logotipo.png 625w, https:\/\/falartwalls.ubi.pt\/wp-content\/uploads\/2023\/05\/logotipo-300x117.png 300w\" sizes=\"(max-width: 625px) 100vw, 625px\" style=\"width:100%;height:38.88%;max-width:625px\" \/>\t\t\t\t\t\t\t\t\t\t\t\t\t\t\t<\/div>\n\t\t\t\t<\/div>\n\t\t\t\t<div class=\"elementor-element elementor-element-52de83bb elementor-widget elementor-widget-heading\" data-id=\"52de83bb\" data-element_type=\"widget\" data-e-type=\"widget\" data-widget_type=\"heading.default\">\n\t\t\t\t<div class=\"elementor-widget-container\">\n\t\t\t\t\t<h1 class=\"elementor-heading-title elementor-size-default\">Espa\u00e7os expositivos <\/h1>\t\t\t\t<\/div>\n\t\t\t\t<\/div>\n\t\t\t\t<div class=\"elementor-element elementor-element-66cb98e elementor-widget elementor-widget-heading\" data-id=\"66cb98e\" data-element_type=\"widget\" data-e-type=\"widget\" data-widget_type=\"heading.default\">\n\t\t\t\t<div class=\"elementor-widget-container\">\n\t\t\t\t\t<h1 class=\"elementor-heading-title elementor-size-default\">na Faculdade de Artes e Letras da Universidade da Beira Interior\n<\/h1>\t\t\t\t<\/div>\n\t\t\t\t<\/div>\n\t\t\t\t<div class=\"elementor-element elementor-element-76e8b13 elementor-widget elementor-widget-text-editor\" data-id=\"76e8b13\" data-element_type=\"widget\" data-e-type=\"widget\" data-widget_type=\"text-editor.default\">\n\t\t\t\t<div class=\"elementor-widget-container\">\n\t\t\t\t\t\t\t\t\t<p><b>COMISSARIADO<\/b><\/p><p>\u00a0<\/p><p><span style=\"font-weight: 400;\">Coordenadora principal<\/span><span style=\"font-weight: 400;\">: Prof. Doutora \u00c1gueda Sim\u00f3.<\/span><\/p><p><span style=\"font-weight: 400;\">Co-coordenadores<\/span><span style=\"font-weight: 400;\">: Prof. Doutor J\u00falio Londrim e Prof. Doutora Maria do Carmo Mendes.<\/span><\/p><p><span style=\"font-weight: 400;\">T\u00e9cnico: Dr. Rafael Mangana<\/span><\/p><p><span style=\"font-weight: 400;\">Email: @ubi.pt<\/span><\/p>\t\t\t\t\t\t\t\t<\/div>\n\t\t\t\t<\/div>\n\t\t\t\t<div class=\"elementor-element elementor-element-68dbd0f elementor-widget elementor-widget-text-editor\" data-id=\"68dbd0f\" data-element_type=\"widget\" data-e-type=\"widget\" data-widget_type=\"text-editor.default\">\n\t\t\t\t<div class=\"elementor-widget-container\">\n\t\t\t\t\t\t\t\t\t<p><b>OBJETIVOS<\/b><\/p><p>\u00a0<\/p><p><span style=\"font-weight: 400;\">O projeto <\/span><span style=\"font-weight: 400;\">FALartWalls <\/span><span style=\"font-weight: 400;\">\u00e9 uma iniciativa que visa impulsar a imagem art\u00edstica e criativa <\/span><span style=\"font-weight: 400;\">da FAL atrav\u00e9s da cria\u00e7\u00e3o e organiza\u00e7\u00e3o de espa\u00e7os expositivos nas suas paredes, <\/span><span style=\"font-weight: 400;\">halls, etc. As exposi\u00e7\u00f5es incluir\u00e3o trabalhos de alunos, investigadores e artistas da FAL e da UBI <\/span><span style=\"font-weight: 400;\">bem como do munic\u00edpio da Covilh\u00e3, Portugal e outros pa\u00edses.\u00a0<\/span><\/p><p>\u00a0<\/p><p><span style=\"font-weight: 400;\">Pretende-se criar sinergias, colabora\u00e7\u00f5es e parcerias para desenvolver um espa\u00e7o de redes que <\/span><span style=\"font-weight: 400;\">extravase as fronteiras geogr\u00e1ficas fomentando a intera\u00e7\u00e3o cultural entre a comunidade <\/span><span style=\"font-weight: 400;\">acad\u00e9mica e a sociedade bem como a difus\u00e3o regional, nacional e internacional dos <\/span><span style=\"font-weight: 400;\">projetos e trabalhos art\u00edsticos desenvolvidos na FAL e UBI.<\/span><\/p>\t\t\t\t\t\t\t\t<\/div>\n\t\t\t\t<\/div>\n\t\t\t\t<div class=\"elementor-element elementor-element-5792a43 elementor-widget elementor-widget-text-editor\" data-id=\"5792a43\" data-element_type=\"widget\" data-e-type=\"widget\" data-widget_type=\"text-editor.default\">\n\t\t\t\t<div class=\"elementor-widget-container\">\n\t\t\t\t\t\t\t\t\t<p><b style=\"text-transform: uppercase;\">Participa\u00e7\u00e3o da comunidade no Comissariado das exposi\u00e7\u00f5es<\/b><\/p><p>\u00a0<\/p><p><span style=\"font-weight: 400;\">A iniciativa visa integrar todos os membros da FAL e da UBI no comissariado das exposi\u00e7\u00f5es <\/span><span style=\"font-weight: 400;\">atrav\u00e9s da apresenta\u00e7\u00e3o de propostas de projetos expositivos que ser\u00e3o coordenados <\/span><span style=\"font-weight: 400;\">pelo Comissariado <\/span><span style=\"font-weight: 400;\">FALartWalls<\/span><span style=\"font-weight: 400;\">.\u00a0<\/span><\/p><p><span style=\"font-weight: 400;\">As propostas devem ser submetidas atrav\u00e9s do preenchimento do formul\u00e1rio ap\u00f3s consulta das datas dispon\u00edveis no calend\u00e1rio.<\/span><\/p>\t\t\t\t\t\t\t\t<\/div>\n\t\t\t\t<\/div>\n\t\t\t\t<div class=\"elementor-element elementor-element-1a9fe0a elementor-widget elementor-widget-text-editor\" data-id=\"1a9fe0a\" data-element_type=\"widget\" data-e-type=\"widget\" data-widget_type=\"text-editor.default\">\n\t\t\t\t<div class=\"elementor-widget-container\">\n\t\t\t\t\t\t\t\t\t<p><b>Localiza\u00e7\u00e3o (mapa dos espa\u00e7os dispon\u00edveis)<\/b><\/p>\t\t\t\t\t\t\t\t<\/div>\n\t\t\t\t<\/div>\n\t\t\t\t<div class=\"elementor-element elementor-element-91d80f2 elementor-widget elementor-widget-image\" data-id=\"91d80f2\" data-element_type=\"widget\" data-e-type=\"widget\" data-widget_type=\"image.default\">\n\t\t\t\t<div class=\"elementor-widget-container\">\n\t\t\t\t\t\t\t\t\t\t\t\t\t\t\t<img decoding=\"async\" width=\"1600\" height=\"1345\" src=\"https:\/\/falartwalls.ubi.pt\/wp-content\/uploads\/2023\/05\/unnamed.jpg\" class=\"attachment-full size-full wp-image-62\" alt=\"\" srcset=\"https:\/\/falartwalls.ubi.pt\/wp-content\/uploads\/2023\/05\/unnamed.jpg 1600w, https:\/\/falartwalls.ubi.pt\/wp-content\/uploads\/2023\/05\/unnamed-300x252.jpg 300w, https:\/\/falartwalls.ubi.pt\/wp-content\/uploads\/2023\/05\/unnamed-1024x861.jpg 1024w, https:\/\/falartwalls.ubi.pt\/wp-content\/uploads\/2023\/05\/unnamed-768x646.jpg 768w, https:\/\/falartwalls.ubi.pt\/wp-content\/uploads\/2023\/05\/unnamed-1536x1291.jpg 1536w, https:\/\/falartwalls.ubi.pt\/wp-content\/uploads\/2023\/05\/unnamed-1568x1318.jpg 1568w\" sizes=\"(max-width: 1600px) 100vw, 1600px\" style=\"width:100%;height:84.06%;max-width:1600px\" \/>\t\t\t\t\t\t\t\t\t\t\t\t\t\t\t<\/div>\n\t\t\t\t<\/div>\n\t\t\t\t\t<\/div>\n\t\t<\/div>\n\t\t\t\t\t<\/div>\n\t\t<\/section>\n\t\t\t\t<\/div>\n\t\t","protected":false},"excerpt":{"rendered":"<p>Espa\u00e7os expositivos na Faculdade de Artes e Letras da Universidade da Beira Interior COMISSARIADO \u00a0 Coordenadora principal: Prof. Doutora \u00c1gueda Sim\u00f3. Co-coordenadores: Prof. Doutor J\u00falio Londrim e Prof. Doutora Maria do Carmo Mendes. T\u00e9cnico: Dr. Rafael Mangana Email: @ubi.pt OBJETIVOS \u00a0 O projeto FALartWalls \u00e9 uma iniciativa que visa impulsar a imagem art\u00edstica e criativa&hellip; <a class=\"more-link\" href=\"https:\/\/falartwalls.ubi.pt\/\">Continue a ler <span class=\"screen-reader-text\">Sample Page<\/span><\/a><\/p>\n","protected":false},"author":1,"featured_media":0,"parent":0,"menu_order":0,"comment_status":"closed","ping_status":"open","template":"elementor_canvas","meta":{"footnotes":""},"class_list":["post-2","page","type-page","status-publish","hentry","entry"],"_links":{"self":[{"href":"https:\/\/falartwalls.ubi.pt\/index.php?rest_route=\/wp\/v2\/pages\/2","targetHints":{"allow":["GET"]}}],"collection":[{"href":"https:\/\/falartwalls.ubi.pt\/index.php?rest_route=\/wp\/v2\/pages"}],"about":[{"href":"https:\/\/falartwalls.ubi.pt\/index.php?rest_route=\/wp\/v2\/types\/page"}],"author":[{"embeddable":true,"href":"https:\/\/falartwalls.ubi.pt\/index.php?rest_route=\/wp\/v2\/users\/1"}],"replies":[{"embeddable":true,"href":"https:\/\/falartwalls.ubi.pt\/index.php?rest_route=%2Fwp%2Fv2%2Fcomments&post=2"}],"version-history":[{"count":67,"href":"https:\/\/falartwalls.ubi.pt\/index.php?rest_route=\/wp\/v2\/pages\/2\/revisions"}],"predecessor-version":[{"id":113,"href":"https:\/\/falartwalls.ubi.pt\/index.php?rest_route=\/wp\/v2\/pages\/2\/revisions\/113"}],"wp:attachment":[{"href":"https:\/\/falartwalls.ubi.pt\/index.php?rest_route=%2Fwp%2Fv2%2Fmedia&parent=2"}],"curies":[{"name":"wp","href":"https:\/\/api.w.org\/{rel}","templated":true}]}}